{"id":185,"date":"2014-05-21T10:52:56","date_gmt":"2014-05-21T08:52:56","guid":{"rendered":"http:\/\/localhost\/wordpress\/?page_id=185"},"modified":"2017-12-29T08:12:32","modified_gmt":"2017-12-29T07:12:32","slug":"inicio-2","status":"publish","type":"page","link":"https:\/\/www.alquilerbenasque.com\/","title":{"rendered":"INICIO"},"content":{"rendered":"<h2 style=\"text-align: center;\">\u00a0<strong>Bienvenido a La Caseta de Sastre.<\/strong><\/h2>\n<h3 style=\"text-align: center;\"><em>Un lugar para quedarse.<\/em><\/h3>\n<p><center>\u00a0<div id=\"metaslider-id-317\" style=\"max-width: 300px;\" class=\"ml-slider-3-21-0 metaslider metaslider-nivo metaslider-317 ml-slider\">\n    <div id=\"metaslider_container_317\">\n        <div class='slider-wrapper theme-default'><div class='ribbon'><\/div><div id='metaslider_317' class='nivoSlider'><a href=\"http:\/\/www.alquilerbenasque.com\/?page_id=48\" target=\"_self\"><img src=\"https:\/\/www.alquilerbenasque.com\/wp-content\/uploads\/2014\/06\/112-300x200.jpg\" height=\"200\" width=\"300\" data-caption=\"Casa 3 Habitaci&oacute;n 2\" alt=\"Casa 3 Habitaci\u00f3n 2\" class=\"slider-317 slide-301\" \/><\/a><a href=\"http:\/\/www.alquilerbenasque.com\/?page_id=48\" target=\"_self\"><img src=\"https:\/\/www.alquilerbenasque.com\/wp-content\/uploads\/2014\/05\/portada-300x200.jpg\" height=\"200\" width=\"300\" alt=\"\" class=\"slider-317 slide-200\" \/><\/a><a href=\"http:\/\/www.alquilerbenasque.com\/?page_id=48\" target=\"_self\"><img src=\"https:\/\/www.alquilerbenasque.com\/wp-content\/uploads\/2014\/05\/logogande-300x200.png\" height=\"200\" width=\"300\" alt=\"\" class=\"slider-317 slide-181\" \/><\/a><a href=\"http:\/\/www.alquilerbenasque.com\/?page_id=48\" target=\"_self\"><img src=\"https:\/\/www.alquilerbenasque.com\/wp-content\/uploads\/2014\/06\/101-300x200.jpg\" height=\"200\" width=\"300\" data-caption=\"Casa 2 Altillo\" alt=\"Casa 2 Altillo\" class=\"slider-317 slide-286\" \/><\/a><a href=\"http:\/\/www.alquilerbenasque.com\/?page_id=48\" target=\"_self\"><img src=\"https:\/\/www.alquilerbenasque.com\/wp-content\/uploads\/2014\/06\/2014-06-02_17-42-15_o-300x200.jpg\" height=\"200\" width=\"300\" alt=\"\" class=\"slider-317 slide-242\" \/><\/a><a href=\"http:\/\/www.alquilerbenasque.com\/?page_id=48\" target=\"_self\"><img src=\"https:\/\/www.alquilerbenasque.com\/wp-content\/uploads\/2014\/06\/3-300x200.jpg\" height=\"200\" width=\"300\" data-caption=\"Casa 2 Entrada \" alt=\"Casa 2 Entrada\" class=\"slider-317 slide-279\" \/><\/a><a href=\"http:\/\/www.alquilerbenasque.com\/?page_id=48\" target=\"_self\"><img src=\"https:\/\/www.alquilerbenasque.com\/wp-content\/uploads\/2014\/06\/41-300x200.jpg\" height=\"200\" width=\"300\" data-caption=\"Casa 2 Salon Comedor Cocina\" alt=\"Casa 2 Salon Comedor Cocina\" class=\"slider-317 slide-280\" \/><\/a><a href=\"http:\/\/www.alquilerbenasque.com\/?page_id=48\" target=\"_self\"><img src=\"https:\/\/www.alquilerbenasque.com\/wp-content\/uploads\/2014\/06\/71-300x200.jpg\" height=\"200\" width=\"300\" data-caption=\"Casa 2 Habitaci&oacute;n 1\" alt=\"Casa 2 Habitaci\u00f3n 1\" class=\"slider-317 slide-283\" \/><\/a><a href=\"http:\/\/www.alquilerbenasque.com\/?page_id=48\" target=\"_self\"><img src=\"https:\/\/www.alquilerbenasque.com\/wp-content\/uploads\/2014\/06\/16-300x200.jpg\" height=\"200\" width=\"300\" data-caption=\"Casa 3 Patio exterior\" alt=\"Casa 3 Patio exterior\" class=\"slider-317 slide-306\" \/><\/a><a href=\"http:\/\/www.alquilerbenasque.com\/?page_id=48\" target=\"_self\"><img src=\"https:\/\/www.alquilerbenasque.com\/wp-content\/uploads\/2014\/06\/12-300x200.jpg\" height=\"200\" width=\"300\" data-caption=\"Caseta de Sastre Habitacion 1\" alt=\"Caseta de Sastre Habitacion 1\" class=\"slider-317 slide-271\" \/><\/a><\/div><\/div>\n        \n    <\/div>\n<\/div><\/center><\/p>\n<p style=\"text-align: center;\">\u00a0Conoce el Valle de Benasque y realiza todo tipo de actividades (senderismo, paseos familiares, paseos a caballo, rafting, btt&#8230;) o simplemente disfruta del relax en un entorno privilegiado con nosotros.<\/p>\n<p><center><\/center><center><\/center><center>Inf\u00f3rmate ya sobre nuestras casas rurales o contacta directamente con nosotros.<\/center><center><strong>Recuerde que reservando directamente a trav\u00e9s de nuestra web obtendr\u00e1 el precio m\u00ednimo garantizado.<\/strong><\/center><\/p>\n<h2 style=\"text-align: center;\"><strong><a href=\"https:\/\/reservas.datahotel.net\/Reservar\/alquilerbenasque.com\/es-ES\">\u00a1Reserva on-line con un 5% de descuento!<\/a><\/strong><\/h2>\n","protected":false},"excerpt":{"rendered":"<p>\u00a0Bienvenido a La Caseta de Sastre. Un lugar para quedarse. \u00a0 \u00a0Conoce el Valle de Benasque y realiza todo tipo de actividades (senderismo, paseos familiares, paseos a caballo, rafting, btt&#8230;) o simplemente disfruta del relax en un entorno privilegiado con nosotros. Inf\u00f3rmate ya sobre nuestras casas rurales o contacta directamente con nosotros.Recuerde que reservando directamente &hellip; <\/p>\n<p class=\"link-more\"><a href=\"https:\/\/www.alquilerbenasque.com\/\" class=\"more-link\">Continuar leyendo<span class=\"screen-reader-text\"> &#8220;INICIO&#8221;<\/span><\/a><\/p>\n","protected":false},"author":1,"featured_media":0,"parent":0,"menu_order":0,"comment_status":"open","ping_status":"closed","template":"page-blog.php","meta":[],"_links":{"self":[{"href":"https:\/\/www.alquilerbenasque.com\/index.php?rest_route=\/wp\/v2\/pages\/185"}],"collection":[{"href":"https:\/\/www.alquilerbenasque.com\/index.php?rest_route=\/wp\/v2\/pages"}],"about":[{"href":"https:\/\/www.alquilerbenasque.com\/index.php?rest_route=\/wp\/v2\/types\/page"}],"author":[{"embeddable":true,"href":"https:\/\/www.alquilerbenasque.com\/index.php?rest_route=\/wp\/v2\/users\/1"}],"replies":[{"embeddable":true,"href":"https:\/\/www.alquilerbenasque.com\/index.php?rest_route=%2Fwp%2Fv2%2Fcomments&post=185"}],"version-history":[{"count":14,"href":"https:\/\/www.alquilerbenasque.com\/index.php?rest_route=\/wp\/v2\/pages\/185\/revisions"}],"predecessor-version":[{"id":468,"href":"https:\/\/www.alquilerbenasque.com\/index.php?rest_route=\/wp\/v2\/pages\/185\/revisions\/468"}],"wp:attachment":[{"href":"https:\/\/www.alquilerbenasque.com\/index.php?rest_route=%2Fwp%2Fv2%2Fmedia&parent=185"}],"curies":[{"name":"wp","href":"https:\/\/api.w.org\/{rel}","templated":true}]}}