{"id":370,"date":"2014-08-07T10:19:53","date_gmt":"2014-08-07T08:19:53","guid":{"rendered":"http:\/\/www.alquilerbenasque.com\/?page_id=370"},"modified":"2015-12-26T12:53:50","modified_gmt":"2015-12-26T11:53:50","slug":"apartamento-grist-1","status":"publish","type":"page","link":"https:\/\/www.alquilerbenasque.com\/?page_id=370","title":{"rendered":"APARTAMENTO GRIST I"},"content":{"rendered":"<p><center><br \/>\n<div id=\"metaslider-id-371\" style=\"max-width: 768px;\" class=\"ml-slider-3-21-0 metaslider metaslider-nivo metaslider-371 ml-slider\">\n    <div id=\"metaslider_container_371\">\n        <div class='slider-wrapper theme-default'><div class='ribbon'><\/div><div id='metaslider_371' class='nivoSlider'><img src=\"https:\/\/www.alquilerbenasque.com\/wp-content\/uploads\/2014\/08\/1-768x512.jpg\" height=\"512\" width=\"768\" data-caption=\"Sal&oacute;n Apartamentos tipo 1 1&ordm; Derecha\" alt=\"\" class=\"slider-371 slide-372\" \/><img src=\"https:\/\/www.alquilerbenasque.com\/wp-content\/uploads\/2014\/08\/3-768x512.jpg\" height=\"512\" width=\"768\" data-caption=\"Cocina comedor apartamento tipo 1. 1&ordm; Derecha\" alt=\"\" class=\"slider-371 slide-373\" \/><img src=\"https:\/\/www.alquilerbenasque.com\/wp-content\/uploads\/2014\/08\/10-768x512.jpg\" height=\"512\" width=\"768\" data-caption=\"Habitaci&oacute;n 1\" alt=\"\" class=\"slider-371 slide-374\" \/><img src=\"https:\/\/www.alquilerbenasque.com\/wp-content\/uploads\/2014\/08\/6-768x512.jpg\" height=\"512\" width=\"768\" data-caption=\"Ba&ntilde;o 1\" alt=\"\" class=\"slider-371 slide-375\" \/><img src=\"https:\/\/www.alquilerbenasque.com\/wp-content\/uploads\/2014\/08\/8-768x512.jpg\" height=\"512\" width=\"768\" data-caption=\"Habitaci&oacute;n 2\" alt=\"\" class=\"slider-371 slide-376\" \/><img src=\"https:\/\/www.alquilerbenasque.com\/wp-content\/uploads\/2014\/08\/9-768x512.jpg\" height=\"512\" width=\"768\" data-caption=\"Habitaci&oacute;n 3\" alt=\"\" class=\"slider-371 slide-377\" \/><\/div><\/div>\n        \n    <\/div>\n<\/div><\/center><\/p>\n<ul style=\"text-align: center;\">\n<li style=\"text-align: center;\"><span style=\"text-align: center;\">Apartamento de tres habitaciones con capacidad total para 8 personas..<\/span><\/li>\n<li style=\"text-align: center;\"><span style=\"text-align: center;\">Sal\u00f3n con chimenea.<\/span><\/li>\n<li style=\"text-align: center;\"><span style=\"text-align: center;\">Cocina equipada (con placa de vitrocer\u00e1mica, horno, microndas, fregaplatos y nevera).<\/span><\/li>\n<li style=\"text-align: center;\"><span style=\"text-align: center;\">Dos ba\u00f1os completos (uno con ba\u00f1era y otro con ducha).<\/span><\/li>\n<li style=\"text-align: center;\"><span style=\"text-align: center;\">Calefacci\u00f3n y agua caliente.<\/span><\/li>\n<li style=\"text-align: center;\"><span style=\"text-align: center;\">Admisi\u00f3n de animal dom\u00e9stico.<\/span><\/li>\n<li style=\"text-align: center;\"><span style=\"text-align: center;\">Servicio de guarda bicis.<\/span><\/li>\n<li style=\"text-align: center;\"><span style=\"text-align: center;\">Informaci\u00f3n tur\u00edstica.<\/span><\/li>\n<\/ul>\n<p style=\"text-align: center;\"><a href=\"https:\/\/reservas.datahotel.net\/Reservar\/alquilerbenasque.com\">\u00a1RESERVA YA!<\/a><\/p>\n<p style=\"text-align: center;\">\n","protected":false},"excerpt":{"rendered":"<p>Apartamento de tres habitaciones con capacidad total para 8 personas.. Sal\u00f3n con chimenea. Cocina equipada (con placa de vitrocer\u00e1mica, horno, microndas, fregaplatos y nevera). Dos ba\u00f1os completos (uno con ba\u00f1era y otro con ducha). Calefacci\u00f3n y agua caliente. Admisi\u00f3n de animal dom\u00e9stico. Servicio de guarda bicis. Informaci\u00f3n tur\u00edstica. \u00a1RESERVA YA!<\/p>\n","protected":false},"author":1,"featured_media":0,"parent":0,"menu_order":0,"comment_status":"open","ping_status":"open","template":"","meta":[],"_links":{"self":[{"href":"https:\/\/www.alquilerbenasque.com\/index.php?rest_route=\/wp\/v2\/pages\/370"}],"collection":[{"href":"https:\/\/www.alquilerbenasque.com\/index.php?rest_route=\/wp\/v2\/pages"}],"about":[{"href":"https:\/\/www.alquilerbenasque.com\/index.php?rest_route=\/wp\/v2\/types\/page"}],"author":[{"embeddable":true,"href":"https:\/\/www.alquilerbenasque.com\/index.php?rest_route=\/wp\/v2\/users\/1"}],"replies":[{"embeddable":true,"href":"https:\/\/www.alquilerbenasque.com\/index.php?rest_route=%2Fwp%2Fv2%2Fcomments&post=370"}],"version-history":[{"count":9,"href":"https:\/\/www.alquilerbenasque.com\/index.php?rest_route=\/wp\/v2\/pages\/370\/revisions"}],"predecessor-version":[{"id":411,"href":"https:\/\/www.alquilerbenasque.com\/index.php?rest_route=\/wp\/v2\/pages\/370\/revisions\/411"}],"wp:attachment":[{"href":"https:\/\/www.alquilerbenasque.com\/index.php?rest_route=%2Fwp%2Fv2%2Fmedia&parent=370"}],"curies":[{"name":"wp","href":"https:\/\/api.w.org\/{rel}","templated":true}]}}