{"id":391,"date":"2014-08-07T10:35:08","date_gmt":"2014-08-07T08:35:08","guid":{"rendered":"http:\/\/www.alquilerbenasque.com\/?page_id=391"},"modified":"2015-12-26T12:52:43","modified_gmt":"2015-12-26T11:52:43","slug":"apartamento-grist-2","status":"publish","type":"page","link":"https:\/\/www.alquilerbenasque.com\/?page_id=391","title":{"rendered":"APARTAMENTO GRIST 2"},"content":{"rendered":"<p style=\"text-align: center;\"><strong><div id=\"metaslider-id-383\" style=\"max-width: 768px;\" class=\"ml-slider-3-21-0 metaslider metaslider-nivo metaslider-383 ml-slider\">\n    <div id=\"metaslider_container_383\">\n        <div class='slider-wrapper theme-default'><div class='ribbon'><\/div><div id='metaslider_383' class='nivoSlider'><img src=\"https:\/\/www.alquilerbenasque.com\/wp-content\/uploads\/2014\/08\/1-1-768x512.jpg\" height=\"512\" width=\"768\" data-caption=\"Salon Apartamentos tipo 2. 2&ordm; Izquierda\" alt=\"\" class=\"slider-383 slide-385\" \/><img src=\"https:\/\/www.alquilerbenasque.com\/wp-content\/uploads\/2014\/08\/4-768x512.jpg\" height=\"512\" width=\"768\" data-caption=\"Detalle ba&ntilde;o Apartamentos tipo 2. 2&ordm; Izquierda\" alt=\"\" class=\"slider-383 slide-386\" \/><img src=\"https:\/\/www.alquilerbenasque.com\/wp-content\/uploads\/2014\/08\/5-768x512.jpg\" height=\"512\" width=\"768\" data-caption=\"Cocina Apartamentos tipo 2. 2&ordm; Izquierda\" alt=\"\" class=\"slider-383 slide-387\" \/><img src=\"https:\/\/www.alquilerbenasque.com\/wp-content\/uploads\/2014\/08\/7-768x512.jpg\" height=\"512\" width=\"768\" data-caption=\"Habitaci&oacute;n 1 Apartamentos tipo 2. 2&ordm; Izquierda\" alt=\"\" class=\"slider-383 slide-388\" \/><img src=\"https:\/\/www.alquilerbenasque.com\/wp-content\/uploads\/2014\/08\/9-1-768x512.jpg\" height=\"512\" width=\"768\" data-caption=\"Habitaci&oacute;n 2. Apartamentos tipo 2. 2&ordm; Izquierda\" alt=\"\" class=\"slider-383 slide-384\" \/><img src=\"https:\/\/www.alquilerbenasque.com\/wp-content\/uploads\/2014\/08\/81-768x512.jpg\" height=\"512\" width=\"768\" data-caption=\"Habitaci&oacute;n 3. Apartamentos tipo 2. 2&ordm; Izquierda\" alt=\"\" class=\"slider-383 slide-389\" \/><\/div><\/div>\n        \n    <\/div>\n<\/div><\/strong><\/p>\n<ul style=\"text-align: center;\">\n<li style=\"text-align: center;\"><span style=\"text-align: center;\">Apartamento de tres habitaciones con capacidad total para 6 personas..<\/span><\/li>\n<li style=\"text-align: center;\"><span style=\"text-align: center;\">Sal\u00f3n con chimenea.<\/span><\/li>\n<li style=\"text-align: center;\"><span style=\"text-align: center;\">Cocina equipada (con placa de vitrocer\u00e1mica, horno, microndas, fregaplatos y nevera).<\/span><\/li>\n<li style=\"text-align: center;\"><span style=\"text-align: center;\">Un ba\u00f1o completo.<\/span><\/li>\n<li style=\"text-align: center;\">Un Aseo.<\/li>\n<li style=\"text-align: center;\"><span style=\"text-align: center;\">Calefacci\u00f3n y agua caliente.<\/span><\/li>\n<li style=\"text-align: center;\"><span style=\"text-align: center;\">Admisi\u00f3n de animal dom\u00e9stico.<\/span><\/li>\n<li style=\"text-align: center;\"><span style=\"text-align: center;\">Servicio de guarda bicis.<\/span><\/li>\n<li style=\"text-align: center;\"><span style=\"text-align: center;\">Informaci\u00f3n tur\u00edstica.<\/span><\/li>\n<\/ul>\n<p style=\"text-align: center;\"><a href=\"https:\/\/reservas.datahotel.net\/Reservar\/alquilerbenasque.com\">\u00a1RESERVA YA!<\/a><\/p>\n","protected":false},"excerpt":{"rendered":"<p>Apartamento de tres habitaciones con capacidad total para 6 personas.. Sal\u00f3n con chimenea. Cocina equipada (con placa de vitrocer\u00e1mica, horno, microndas, fregaplatos y nevera). Un ba\u00f1o completo. Un Aseo. Calefacci\u00f3n y agua caliente. Admisi\u00f3n de animal dom\u00e9stico. Servicio de guarda bicis. Informaci\u00f3n tur\u00edstica. \u00a1RESERVA YA!<\/p>\n","protected":false},"author":1,"featured_media":0,"parent":0,"menu_order":0,"comment_status":"open","ping_status":"open","template":"","meta":[],"_links":{"self":[{"href":"https:\/\/www.alquilerbenasque.com\/index.php?rest_route=\/wp\/v2\/pages\/391"}],"collection":[{"href":"https:\/\/www.alquilerbenasque.com\/index.php?rest_route=\/wp\/v2\/pages"}],"about":[{"href":"https:\/\/www.alquilerbenasque.com\/index.php?rest_route=\/wp\/v2\/types\/page"}],"author":[{"embeddable":true,"href":"https:\/\/www.alquilerbenasque.com\/index.php?rest_route=\/wp\/v2\/users\/1"}],"replies":[{"embeddable":true,"href":"https:\/\/www.alquilerbenasque.com\/index.php?rest_route=%2Fwp%2Fv2%2Fcomments&post=391"}],"version-history":[{"count":2,"href":"https:\/\/www.alquilerbenasque.com\/index.php?rest_route=\/wp\/v2\/pages\/391\/revisions"}],"predecessor-version":[{"id":410,"href":"https:\/\/www.alquilerbenasque.com\/index.php?rest_route=\/wp\/v2\/pages\/391\/revisions\/410"}],"wp:attachment":[{"href":"https:\/\/www.alquilerbenasque.com\/index.php?rest_route=%2Fwp%2Fv2%2Fmedia&parent=391"}],"curies":[{"name":"wp","href":"https:\/\/api.w.org\/{rel}","templated":true}]}}