{"id":426,"date":"2015-12-26T13:06:33","date_gmt":"2015-12-26T12:06:33","guid":{"rendered":"http:\/\/www.alquilerbenasque.com\/?page_id=426"},"modified":"2015-12-26T13:06:33","modified_gmt":"2015-12-26T12:06:33","slug":"apartamento-grist-3","status":"publish","type":"page","link":"https:\/\/www.alquilerbenasque.com\/?page_id=426","title":{"rendered":"APARTAMENTO GRIST 3"},"content":{"rendered":"<p style=\"text-align: center;\"><strong><div id=\"metaslider-id-416\" style=\"max-width: 768px;\" class=\"ml-slider-3-21-0 metaslider metaslider-nivo metaslider-416 ml-slider\">\n    <div id=\"metaslider_container_416\">\n        <div class='slider-wrapper theme-default'><div class='ribbon'><\/div><div id='metaslider_416' class='nivoSlider'><img src=\"https:\/\/www.alquilerbenasque.com\/wp-content\/uploads\/2015\/12\/COCINA-1-768x512.jpg\" height=\"512\" width=\"768\" alt=\"\" class=\"slider-416 slide-417\" \/><img src=\"https:\/\/www.alquilerbenasque.com\/wp-content\/uploads\/2015\/12\/HABIT-APRIN-2-768x512.jpg\" height=\"512\" width=\"768\" alt=\"\" class=\"slider-416 slide-418\" \/><img src=\"https:\/\/www.alquilerbenasque.com\/wp-content\/uploads\/2015\/12\/HABIT-LIETRAS-2-768x512.jpg\" height=\"512\" width=\"768\" alt=\"\" class=\"slider-416 slide-419\" \/><img src=\"https:\/\/www.alquilerbenasque.com\/wp-content\/uploads\/2015\/12\/HABIT-LITERAS-768x512.jpg\" height=\"512\" width=\"768\" alt=\"\" class=\"slider-416 slide-420\" \/><img src=\"https:\/\/www.alquilerbenasque.com\/wp-content\/uploads\/2015\/12\/HABIT-PRINC-768x512.jpg\" height=\"512\" width=\"768\" alt=\"\" class=\"slider-416 slide-421\" \/><img src=\"https:\/\/www.alquilerbenasque.com\/wp-content\/uploads\/2015\/12\/SALON-3-768x512.jpg\" height=\"512\" width=\"768\" alt=\"\" class=\"slider-416 slide-422\" \/><img src=\"https:\/\/www.alquilerbenasque.com\/wp-content\/uploads\/2015\/12\/SALON-2-768x512.jpg\" height=\"512\" width=\"768\" alt=\"\" class=\"slider-416 slide-423\" \/><img src=\"https:\/\/www.alquilerbenasque.com\/wp-content\/uploads\/2015\/12\/SALON-CHIMENEA-1-768x512.jpg\" height=\"512\" width=\"768\" alt=\"\" class=\"slider-416 slide-424\" \/><img src=\"https:\/\/www.alquilerbenasque.com\/wp-content\/uploads\/2015\/12\/BA\u00d1O-768x512.jpg\" height=\"512\" width=\"768\" alt=\"\" class=\"slider-416 slide-425\" \/><\/div><\/div>\n        \n    <\/div>\n<\/div><\/strong><\/p>\n<ul style=\"text-align: center;\">\n<li style=\"text-align: center;\"><span style=\"text-align: center;\">Apartamento de dos habitaciones con capacidad total para cinco personas (posibilidad de sof\u00e1 cama)<br \/>\n<\/span><\/li>\n<li style=\"text-align: center;\"><span style=\"text-align: center;\">Sal\u00f3n con chimenea.<\/span><\/li>\n<li style=\"text-align: center;\"><span style=\"text-align: center;\">Cocina equipada (con placa de vitrocer\u00e1mica, horno, microndas, fregaplatos y nevera).<\/span><\/li>\n<li style=\"text-align: center;\"><span style=\"text-align: center;\">Un ba\u00f1o completo.<\/span><\/li>\n<li style=\"text-align: center;\"><span style=\"text-align: center;\">Calefacci\u00f3n y agua caliente.<\/span><\/li>\n<li style=\"text-align: center;\"><span style=\"text-align: center;\">Admisi\u00f3n de animal dom\u00e9stico.<\/span><\/li>\n<li style=\"text-align: center;\"><span style=\"text-align: center;\">Servicio de guarda bicis.<\/span><\/li>\n<li style=\"text-align: center;\"><span style=\"text-align: center;\">Informaci\u00f3n tur\u00edstica.<\/span><\/li>\n<\/ul>\n<p style=\"text-align: center;\"><a href=\"https:\/\/reservas.datahotel.net\/Reservar\/alquilerbenasque.com\">\u00a1RESERVA YA!<\/a><\/p>\n","protected":false},"excerpt":{"rendered":"<p>Apartamento de dos habitaciones con capacidad total para cinco personas (posibilidad de sof\u00e1 cama) Sal\u00f3n con chimenea. Cocina equipada (con placa de vitrocer\u00e1mica, horno, microndas, fregaplatos y nevera). Un ba\u00f1o completo. Calefacci\u00f3n y agua caliente. Admisi\u00f3n de animal dom\u00e9stico. Servicio de guarda bicis. Informaci\u00f3n tur\u00edstica. \u00a1RESERVA YA!<\/p>\n","protected":false},"author":1,"featured_media":0,"parent":0,"menu_order":0,"comment_status":"closed","ping_status":"closed","template":"","meta":[],"_links":{"self":[{"href":"https:\/\/www.alquilerbenasque.com\/index.php?rest_route=\/wp\/v2\/pages\/426"}],"collection":[{"href":"https:\/\/www.alquilerbenasque.com\/index.php?rest_route=\/wp\/v2\/pages"}],"about":[{"href":"https:\/\/www.alquilerbenasque.com\/index.php?rest_route=\/wp\/v2\/types\/page"}],"author":[{"embeddable":true,"href":"https:\/\/www.alquilerbenasque.com\/index.php?rest_route=\/wp\/v2\/users\/1"}],"replies":[{"embeddable":true,"href":"https:\/\/www.alquilerbenasque.com\/index.php?rest_route=%2Fwp%2Fv2%2Fcomments&post=426"}],"version-history":[{"count":1,"href":"https:\/\/www.alquilerbenasque.com\/index.php?rest_route=\/wp\/v2\/pages\/426\/revisions"}],"predecessor-version":[{"id":427,"href":"https:\/\/www.alquilerbenasque.com\/index.php?rest_route=\/wp\/v2\/pages\/426\/revisions\/427"}],"wp:attachment":[{"href":"https:\/\/www.alquilerbenasque.com\/index.php?rest_route=%2Fwp%2Fv2%2Fmedia&parent=426"}],"curies":[{"name":"wp","href":"https:\/\/api.w.org\/{rel}","templated":true}]}}