{"id":44,"date":"2014-05-12T08:46:48","date_gmt":"2014-05-12T06:46:48","guid":{"rendered":"http:\/\/localhost\/wordpress\/?page_id=44"},"modified":"2017-07-24T12:25:34","modified_gmt":"2017-07-24T10:25:34","slug":"casa-rural-2","status":"publish","type":"page","link":"https:\/\/www.alquilerbenasque.com\/?page_id=44","title":{"rendered":"CASA SELBA DE CONQUES"},"content":{"rendered":"<p><center>La Casa Selba de Conques o Casa II est\u00e1 situada en la calle principal del pueblo de Eriste, al lado de nuestra recepci\u00f3n. Se trata de una casa tradicional rehabilitada de categor\u00eda superior.<\/center><center><\/center><center><div id=\"metaslider-id-310\" style=\"max-width: 500px;\" class=\"ml-slider-3-21-0 metaslider metaslider-coin metaslider-310 ml-slider\">\n    <div id=\"metaslider_container_310\">\n        <div id='metaslider_310' class='coin-slider'>\n<a href=\"javascript:void(0)\" target=\"_self\"><img src=\"https:\/\/www.alquilerbenasque.com\/wp-content\/uploads\/2014\/06\/5-500x333.jpg\" height=\"333\" width=\"500\" alt=\"Casa 2 Sal\u00f3n Chimenea\" class=\"slider-310 slide-281\" style=\"display: none;\" \/><span>Casa 2 Sal\u00f3n Chimenea<\/span><\/a>\n<a href=\"http:\/\/www.alquilerbenasque.com\/?page_id=48\" target=\"_self\"><img src=\"https:\/\/www.alquilerbenasque.com\/wp-content\/uploads\/2014\/06\/3-500x333.jpg\" height=\"333\" width=\"500\" alt=\"Casa 2 Entrada\" class=\"slider-310 slide-279\" style=\"display: none;\" \/><span>Casa 2 Entrada <\/span><\/a>\n<a href=\"javascript:void(0)\" target=\"_self\"><img src=\"https:\/\/www.alquilerbenasque.com\/wp-content\/uploads\/2014\/06\/61-500x333.jpg\" height=\"333\" width=\"500\" alt=\"Casa 2 Entrada Sal\u00f3n\" class=\"slider-310 slide-282\" style=\"display: none;\" \/><span>Casa 2 Entrada Sal\u00f3n<\/span><\/a>\n<a href=\"javascript:void(0)\" target=\"_self\"><img src=\"https:\/\/www.alquilerbenasque.com\/wp-content\/uploads\/2014\/06\/8-500x333.jpg\" height=\"333\" width=\"500\" alt=\"Casa 2 Habitaci\u00f3n 2\" class=\"slider-310 slide-284\" style=\"display: none;\" \/><span>Casa 2 Habitaci\u00f3n 2<\/span><\/a>\n<a href=\"javascript:void(0)\" target=\"_self\"><img src=\"https:\/\/www.alquilerbenasque.com\/wp-content\/uploads\/2014\/06\/111-500x333.jpg\" height=\"333\" width=\"500\" alt=\"Casa 2 Altillo\" class=\"slider-310 slide-287\" style=\"display: none;\" \/><span>Casa 2 Altillo<\/span><\/a>\n<a href=\"http:\/\/www.alquilerbenasque.com\/?page_id=48\" target=\"_self\"><img src=\"https:\/\/www.alquilerbenasque.com\/wp-content\/uploads\/2014\/06\/101-500x333.jpg\" height=\"333\" width=\"500\" alt=\"Casa 2 Altillo\" class=\"slider-310 slide-286\" style=\"display: none;\" \/><span>Casa 2 Altillo<\/span><\/a>\n<a href=\"javascript:void(0)\" target=\"_self\"><img src=\"https:\/\/www.alquilerbenasque.com\/wp-content\/uploads\/2014\/06\/121-500x333.jpg\" height=\"333\" width=\"500\" alt=\"Casa 2 Altillo\" class=\"slider-310 slide-288\" style=\"display: none;\" \/><span>Casa 2 Altillo<\/span><\/a>\n<a href=\"javascript:void(0)\" target=\"_self\"><img src=\"https:\/\/www.alquilerbenasque.com\/wp-content\/uploads\/2014\/06\/131-500x333.jpg\" height=\"333\" width=\"500\" alt=\"Casa 2 Ba\u00f1o Altillo\" class=\"slider-310 slide-289\" style=\"display: none;\" \/><span>Casa 2 Ba\u00f1o Altillo<\/span><\/a>\n<a href=\"http:\/\/www.alquilerbenasque.com\/?page_id=48\" target=\"_self\"><img src=\"https:\/\/www.alquilerbenasque.com\/wp-content\/uploads\/2014\/06\/41-500x333.jpg\" height=\"333\" width=\"500\" alt=\"Casa 2 Salon Comedor Cocina\" class=\"slider-310 slide-280\" style=\"display: none;\" \/><span>Casa 2 Salon Comedor Cocina<\/span><\/a>\n<a href=\"http:\/\/www.alquilerbenasque.com\/?page_id=48\" target=\"_self\"><img src=\"https:\/\/www.alquilerbenasque.com\/wp-content\/uploads\/2014\/06\/71-500x333.jpg\" height=\"333\" width=\"500\" alt=\"Casa 2 Habitaci\u00f3n 1\" class=\"slider-310 slide-283\" style=\"display: none;\" \/><span>Casa 2 Habitaci\u00f3n 1<\/span><\/a>\n        <\/div>\n        \n    <\/div>\n<\/div><\/center><\/p>\n<p style=\"color: #444444; text-align: center;\">La casa dispone de los siguientes servicios y caracter\u00edsticas:<\/p>\n<ul style=\"color: #444444;\">\n<li>Dos\u00a0habitaciones dobles y un altillo con capacidad total para 6 personas con posibilidad de a\u00f1adir dos\u00a0camas supletorias m\u00e1s en el altillo. Se incluyen sabanas y toallas<\/li>\n<li>Dos ba\u00f1os\u00a0completamente equipados.<\/li>\n<li>Sal\u00f3n con cocina americana\u00a0equipada con: Microondas, Vitrocer\u00e1mica, Lavavajillas y Lavadora.<\/li>\n<li>Chimenea<\/li>\n<li>Calefacci\u00f3n y Agua Caliente.<\/li>\n<li>Sal\u00f3n con televisor com\u00fan.<\/li>\n<li>Admisi\u00f3n de animal dom\u00e9stico.<\/li>\n<li>Informaci\u00f3n tur\u00edstica.<\/li>\n<li>Servicio de guarda bicis.<\/li>\n<\/ul>\n<p><center><\/center><center><\/center><center><\/center><center><\/center><center><a href=\"https:\/\/reservas.datahotel.net\/Reservar\/alquilerbenasque.com\">\u00a1HAZ TU RESERVA!<\/a><\/center><\/p>\n","protected":false},"excerpt":{"rendered":"<p>La Casa Selba de Conques o Casa II est\u00e1 situada en la calle principal del pueblo de Eriste, al lado de nuestra recepci\u00f3n. Se trata de una casa tradicional rehabilitada de categor\u00eda superior. La casa dispone de los siguientes servicios y caracter\u00edsticas: Dos\u00a0habitaciones dobles y un altillo con capacidad total para 6 personas con posibilidad &hellip; <\/p>\n<p class=\"link-more\"><a href=\"https:\/\/www.alquilerbenasque.com\/?page_id=44\" class=\"more-link\">Continuar leyendo<span class=\"screen-reader-text\"> &#8220;CASA SELBA DE CONQUES&#8221;<\/span><\/a><\/p>\n","protected":false},"author":1,"featured_media":0,"parent":0,"menu_order":0,"comment_status":"closed","ping_status":"closed","template":"","meta":[],"_links":{"self":[{"href":"https:\/\/www.alquilerbenasque.com\/index.php?rest_route=\/wp\/v2\/pages\/44"}],"collection":[{"href":"https:\/\/www.alquilerbenasque.com\/index.php?rest_route=\/wp\/v2\/pages"}],"about":[{"href":"https:\/\/www.alquilerbenasque.com\/index.php?rest_route=\/wp\/v2\/types\/page"}],"author":[{"embeddable":true,"href":"https:\/\/www.alquilerbenasque.com\/index.php?rest_route=\/wp\/v2\/users\/1"}],"replies":[{"embeddable":true,"href":"https:\/\/www.alquilerbenasque.com\/index.php?rest_route=%2Fwp%2Fv2%2Fcomments&post=44"}],"version-history":[{"count":15,"href":"https:\/\/www.alquilerbenasque.com\/index.php?rest_route=\/wp\/v2\/pages\/44\/revisions"}],"predecessor-version":[{"id":437,"href":"https:\/\/www.alquilerbenasque.com\/index.php?rest_route=\/wp\/v2\/pages\/44\/revisions\/437"}],"wp:attachment":[{"href":"https:\/\/www.alquilerbenasque.com\/index.php?rest_route=%2Fwp%2Fv2%2Fmedia&parent=44"}],"curies":[{"name":"wp","href":"https:\/\/api.w.org\/{rel}","templated":true}]}}