{"id":46,"date":"2014-05-12T08:47:05","date_gmt":"2014-05-12T06:47:05","guid":{"rendered":"http:\/\/localhost\/wordpress\/?page_id=46"},"modified":"2017-07-24T12:27:10","modified_gmt":"2017-07-24T10:27:10","slug":"casa-rural-3","status":"publish","type":"page","link":"https:\/\/www.alquilerbenasque.com\/?page_id=46","title":{"rendered":"CASA de L&#8217;AIG\u00dcETA"},"content":{"rendered":"<p><center><\/center><center style=\"color: #444444;\"><\/center><center style=\"color: #444444;\">La Casa de L&#8217;Aig\u00fceta o Casa III est\u00e1 situada en la calle principal del pueblo de Eriste, al lado de nuestra recepci\u00f3n. Se trata de una casa tradicional interior rehabilitada de categor\u00eda superior.<\/center><center style=\"color: #444444;\"><\/center><center style=\"color: #444444;\"><\/center><center style=\"color: #444444;\"><\/center><center style=\"color: #444444;\"><\/center><center style=\"color: #444444;\"><\/center><center style=\"color: #444444;\"><div id=\"metaslider-id-312\" style=\"max-width: 768px;\" class=\"ml-slider-3-21-0 metaslider metaslider-responsive metaslider-312 ml-slider\">\n    <div id=\"metaslider_container_312\">\n        <ul id='metaslider_312' class='rslides'>\n            <li><img src=\"https:\/\/www.alquilerbenasque.com\/wp-content\/uploads\/2014\/06\/171-768x512.jpg\" height=\"512\" width=\"768\" alt=\"Casa 3 Patio exterior\" class=\"slider-312 slide-307\" \/><div class=\"caption-wrap\"><div class=\"caption\">Casa 3 Patio exterior<\/div><\/div><\/li>\n            <li style='display: none;'><img src=\"https:\/\/www.alquilerbenasque.com\/wp-content\/uploads\/2014\/06\/151-768x512.jpg\" height=\"512\" width=\"768\" alt=\"Casa 3 Escalera\" class=\"slider-312 slide-305\" \/><div class=\"caption-wrap\"><div class=\"caption\">Casa 3 Escalera<\/div><\/div><\/li>\n            <li style='display: none;'><img src=\"https:\/\/www.alquilerbenasque.com\/wp-content\/uploads\/2014\/06\/14-768x512.jpg\" height=\"512\" width=\"768\" alt=\"Casa 3 Ba\u00f1o\" class=\"slider-312 slide-304\" \/><div class=\"caption-wrap\"><div class=\"caption\">Casa 3 Ba\u00f1o<\/div><\/div><\/li>\n            <li style='display: none;'><img src=\"https:\/\/www.alquilerbenasque.com\/wp-content\/uploads\/2014\/06\/132-768x512.jpg\" height=\"512\" width=\"768\" alt=\"Casa 3 Ba\u00f1o\" class=\"slider-312 slide-303\" \/><div class=\"caption-wrap\"><div class=\"caption\">Casa 3 Ba\u00f1o<\/div><\/div><\/li>\n            <li style='display: none;'><img src=\"https:\/\/www.alquilerbenasque.com\/wp-content\/uploads\/2014\/06\/122-768x512.jpg\" height=\"512\" width=\"768\" alt=\"Casa 3 Ba\u00f1o\" class=\"slider-312 slide-302\" \/><div class=\"caption-wrap\"><div class=\"caption\">Casa 3 Ba\u00f1o<\/div><\/div><\/li>\n            <li style='display: none;'><img src=\"https:\/\/www.alquilerbenasque.com\/wp-content\/uploads\/2014\/06\/102-768x512.jpg\" height=\"512\" width=\"768\" alt=\"Casa 3 Habitaci\u00f3n 2\" class=\"slider-312 slide-300\" \/><div class=\"caption-wrap\"><div class=\"caption\">Casa 3 Habitaci\u00f3n 2<\/div><\/div><\/li>\n            <li style='display: none;'><img src=\"https:\/\/www.alquilerbenasque.com\/wp-content\/uploads\/2014\/06\/91-768x512.jpg\" height=\"512\" width=\"768\" alt=\"Casa 3 Habitaci\u00f3n 1\" class=\"slider-312 slide-299\" \/><div class=\"caption-wrap\"><div class=\"caption\">Casa 3 Habitaci\u00f3n 1<\/div><\/div><\/li>\n            <li style='display: none;'><img src=\"https:\/\/www.alquilerbenasque.com\/wp-content\/uploads\/2014\/06\/81-768x512.jpg\" height=\"512\" width=\"768\" alt=\"Casa 3 Habitaci\u00f3n 1\" class=\"slider-312 slide-298\" \/><div class=\"caption-wrap\"><div class=\"caption\">Casa 3 Habitaci\u00f3n 1<\/div><\/div><\/li>\n            <li style='display: none;'><a href=\"http:\/\/www.alquilerbenasque.com\/?page_id=48\" target=\"_self\"><img src=\"https:\/\/www.alquilerbenasque.com\/wp-content\/uploads\/2014\/06\/112-768x512.jpg\" height=\"512\" width=\"768\" alt=\"Casa 3 Habitaci\u00f3n 2\" class=\"slider-312 slide-301\" \/><div class=\"caption-wrap\"><div class=\"caption\">Casa 3 Habitaci\u00f3n 2<\/div><\/div><\/a><\/li>\n            <li style='display: none;'><img src=\"https:\/\/www.alquilerbenasque.com\/wp-content\/uploads\/2014\/06\/72-768x512.jpg\" height=\"512\" width=\"768\" alt=\"Casa 3 Habitaci\u00f3n 1\" class=\"slider-312 slide-296\" \/><div class=\"caption-wrap\"><div class=\"caption\">Casa 3 Habitaci\u00f3n 1<\/div><\/div><\/li>\n            <li style='display: none;'><a href=\"http:\/\/www.alquilerbenasque.com\/?page_id=48\" target=\"_self\"><img src=\"https:\/\/www.alquilerbenasque.com\/wp-content\/uploads\/2014\/06\/16-768x512.jpg\" height=\"512\" width=\"768\" alt=\"Casa 3 Patio exterior\" class=\"slider-312 slide-306\" \/><div class=\"caption-wrap\"><div class=\"caption\">Casa 3 Patio exterior<\/div><\/div><\/a><\/li>\n            <li style='display: none;'><img src=\"https:\/\/www.alquilerbenasque.com\/wp-content\/uploads\/2014\/06\/62-768x512.jpg\" height=\"512\" width=\"768\" alt=\"Casa 3 Pasillo piso superior\" class=\"slider-312 slide-295\" \/><div class=\"caption-wrap\"><div class=\"caption\">Casa 3 Pasillo piso superior<\/div><\/div><\/li>\n            <li style='display: none;'><img src=\"https:\/\/www.alquilerbenasque.com\/wp-content\/uploads\/2014\/06\/51-768x512.jpg\" height=\"512\" width=\"768\" alt=\"Casa 3 Aseo\" class=\"slider-312 slide-294\" \/><div class=\"caption-wrap\"><div class=\"caption\">Casa 3 Aseo<\/div><\/div><\/li>\n            <li style='display: none;'><img src=\"https:\/\/www.alquilerbenasque.com\/wp-content\/uploads\/2014\/06\/42-768x512.jpg\" height=\"512\" width=\"768\" alt=\"Casa 3 Salon Comedor Cocina\" class=\"slider-312 slide-293\" \/><div class=\"caption-wrap\"><div class=\"caption\">Casa 3 Salon Comedor Cocina<\/div><\/div><\/li>\n            <li style='display: none;'><img src=\"https:\/\/www.alquilerbenasque.com\/wp-content\/uploads\/2014\/06\/31-768x512.jpg\" height=\"512\" width=\"768\" alt=\"Casa 3 Salon comedor\" class=\"slider-312 slide-292\" \/><div class=\"caption-wrap\"><div class=\"caption\">Casa 3 Salon comedor<\/div><\/div><\/li>\n            <li style='display: none;'><img src=\"https:\/\/www.alquilerbenasque.com\/wp-content\/uploads\/2014\/06\/2-768x512.jpg\" height=\"512\" width=\"768\" alt=\"Casa 3 Salon comedor\" class=\"slider-312 slide-291\" \/><div class=\"caption-wrap\"><div class=\"caption\">Casa 3 Salon comedor<\/div><\/div><\/li>\n            <li style='display: none;'><img src=\"https:\/\/www.alquilerbenasque.com\/wp-content\/uploads\/2014\/06\/1-768x512.jpg\" height=\"512\" width=\"768\" alt=\"Casa 3 Salon comedor\" class=\"slider-312 slide-290\" \/><div class=\"caption-wrap\"><div class=\"caption\">Casa 3 Salon comedor<\/div><\/div><\/li>\n        <\/ul>\n        \n    <\/div>\n<\/div><\/center><\/p>\n<p style=\"color: #444444;\">La casa dispone de los siguientes servicios y caracter\u00edsticas:<\/p>\n<ul style=\"color: #444444;\">\n<li>Dos\u00a0habitaciones dobles con capacidad total para 4\u00a0personas con posibilidad de a\u00f1adir una\u00a0camas supletoria. Se incluyen sabanas y toallas<\/li>\n<li>Un\u00a0ba\u00f1os\u00a0completamente equipados.<\/li>\n<li>Aseo.<\/li>\n<li>Sal\u00f3n con cocina americana\u00a0equipada con: Microondas, Vitrocer\u00e1mica, Lavavajillas y Lavadora.<\/li>\n<li>Chimenea.<\/li>\n<li>Calefacci\u00f3n y Agua Caliente.<\/li>\n<li>Sal\u00f3n con televisor com\u00fan.<\/li>\n<li>Admisi\u00f3n de animal dom\u00e9stico.<\/li>\n<li>Informaci\u00f3n tur\u00edstica.<\/li>\n<li>Servicio de guarda bicis.<\/li>\n<\/ul>\n<p><center><\/center><center><a href=\"https:\/\/reservas.datahotel.net\/Reservar\/alquilerbenasque.com\">\u00a1HAZ TU RESERVA!<\/a><\/center><\/p>\n","protected":false},"excerpt":{"rendered":"<p>La Casa de L&#8217;Aig\u00fceta o Casa III est\u00e1 situada en la calle principal del pueblo de Eriste, al lado de nuestra recepci\u00f3n. Se trata de una casa tradicional interior rehabilitada de categor\u00eda superior. La casa dispone de los siguientes servicios y caracter\u00edsticas: Dos\u00a0habitaciones dobles con capacidad total para 4\u00a0personas con posibilidad de a\u00f1adir una\u00a0camas supletoria. &hellip; <\/p>\n<p class=\"link-more\"><a href=\"https:\/\/www.alquilerbenasque.com\/?page_id=46\" class=\"more-link\">Continuar leyendo<span class=\"screen-reader-text\"> &#8220;CASA de L&#8217;AIG\u00dcETA&#8221;<\/span><\/a><\/p>\n","protected":false},"author":1,"featured_media":0,"parent":0,"menu_order":0,"comment_status":"closed","ping_status":"closed","template":"","meta":[],"_links":{"self":[{"href":"https:\/\/www.alquilerbenasque.com\/index.php?rest_route=\/wp\/v2\/pages\/46"}],"collection":[{"href":"https:\/\/www.alquilerbenasque.com\/index.php?rest_route=\/wp\/v2\/pages"}],"about":[{"href":"https:\/\/www.alquilerbenasque.com\/index.php?rest_route=\/wp\/v2\/types\/page"}],"author":[{"embeddable":true,"href":"https:\/\/www.alquilerbenasque.com\/index.php?rest_route=\/wp\/v2\/users\/1"}],"replies":[{"embeddable":true,"href":"https:\/\/www.alquilerbenasque.com\/index.php?rest_route=%2Fwp%2Fv2%2Fcomments&post=46"}],"version-history":[{"count":14,"href":"https:\/\/www.alquilerbenasque.com\/index.php?rest_route=\/wp\/v2\/pages\/46\/revisions"}],"predecessor-version":[{"id":439,"href":"https:\/\/www.alquilerbenasque.com\/index.php?rest_route=\/wp\/v2\/pages\/46\/revisions\/439"}],"wp:attachment":[{"href":"https:\/\/www.alquilerbenasque.com\/index.php?rest_route=%2Fwp%2Fv2%2Fmedia&parent=46"}],"curies":[{"name":"wp","href":"https:\/\/api.w.org\/{rel}","templated":true}]}}